{"id":4637,"date":"2026-03-12T02:59:51","date_gmt":"2026-03-12T02:59:51","guid":{"rendered":"https:\/\/spabalanceperfecto.com\/?page_id=4637"},"modified":"2026-03-12T19:01:23","modified_gmt":"2026-03-12T19:01:23","slug":"planes-spa","status":"publish","type":"page","link":"https:\/\/spabalanceperfecto.com\/index.php\/planes-spa\/","title":{"rendered":"Planes de Spa 26"},"content":{"rendered":"\t\t<div data-elementor-type=\"wp-page\" data-elementor-id=\"4637\" class=\"elementor elementor-4637\">\n\t\t\t\t\t\t<section class=\"elementor-section elementor-top-section elementor-element elementor-element-1d7f2d7 elementor-section-boxed elementor-section-height-default elementor-section-height-default wpr-particle-no wpr-jarallax-no wpr-parallax-no wpr-sticky-section-no\" data-id=\"1d7f2d7\" data-element_type=\"section\" data-settings=\"{&quot;background_background&quot;:&quot;slideshow&quot;,&quot;background_slideshow_gallery&quot;:[{&quot;id&quot;:4511,&quot;url&quot;:&quot;https:\\\/\\\/spabalanceperfecto.com\\\/wp-content\\\/uploads\\\/2025\\\/02\\\/40ad6a_ccc2ac41c172482b8ea23264abb85ee1mv2.avif&quot;}],&quot;background_slideshow_loop&quot;:&quot;yes&quot;,&quot;background_slideshow_slide_duration&quot;:5000,&quot;background_slideshow_slide_transition&quot;:&quot;fade&quot;,&quot;background_slideshow_transition_duration&quot;:500}\">\n\t\t\t\t\t\t<div class=\"elementor-container elementor-column-gap-default\">\n\t\t\t\t\t<div class=\"elementor-column elementor-col-100 elementor-top-column elementor-element elementor-element-570d8e3\" data-id=\"570d8e3\" data-element_type=\"column\">\n\t\t\t<div class=\"elementor-widget-wrap elementor-element-populated\">\n\t\t\t\t\t\t<div class=\"elementor-element elementor-element-e69b533 elementor-widget elementor-widget-spacer\" data-id=\"e69b533\" data-element_type=\"widget\" data-widget_type=\"spacer.default\">\n\t\t\t\t<div class=\"elementor-widget-container\">\n\t\t\t\t\t\t\t<div class=\"elementor-spacer\">\n\t\t\t<div class=\"elementor-spacer-inner\"><\/div>\n\t\t<\/div>\n\t\t\t\t\t\t<\/div>\n\t\t\t\t<\/div>\n\t\t\t\t<div class=\"elementor-element elementor-element-02c570f elementor-widget elementor-widget-heading\" data-id=\"02c570f\" data-element_type=\"widget\" data-widget_type=\"heading.default\">\n\t\t\t\t<div class=\"elementor-widget-container\">\n\t\t\t\t\t<h1 class=\"elementor-heading-title elementor-size-default\">Planes de spa<\/h1>\t\t\t\t<\/div>\n\t\t\t\t<\/div>\n\t\t\t\t\t<\/div>\n\t\t<\/div>\n\t\t\t\t\t<\/div>\n\t\t<\/section>\n\t\t\t\t<section class=\"elementor-section elementor-top-section elementor-element elementor-element-b537cd8 elementor-section-boxed elementor-section-height-default elementor-section-height-default wpr-particle-no wpr-jarallax-no wpr-parallax-no wpr-sticky-section-no\" data-id=\"b537cd8\" data-element_type=\"section\">\n\t\t\t\t\t\t<div class=\"elementor-container elementor-column-gap-default\">\n\t\t\t\t\t<div class=\"elementor-column elementor-col-100 elementor-top-column elementor-element elementor-element-a9a57ab\" data-id=\"a9a57ab\" data-element_type=\"column\">\n\t\t\t<div class=\"elementor-widget-wrap elementor-element-populated\">\n\t\t\t\t\t\t<div class=\"elementor-element elementor-element-a4b704a elementor-widget elementor-widget-text-editor\" data-id=\"a4b704a\" data-element_type=\"widget\" data-widget_type=\"text-editor.default\">\n\t\t\t\t<div class=\"elementor-widget-container\">\n\t\t\t\t\t\t\t\t\t<p>Son el plan perfecto para compartir y celebrar: <strong data-start=\"378\" data-end=\"545\">momentos especiales en pareja, planes con amigas, aniversarios, cumplea\u00f1os, celebraciones especiales o experiencias de bienestar para empresas y equipos de trabajo<\/strong>. Cada programa est\u00e1 cuidadosamente preparado para ofrecer descanso, renovaci\u00f3n y una atenci\u00f3n dedicada que transforma su visita en un recuerdo \u00fanico.<\/p>\t\t\t\t\t\t\t\t<\/div>\n\t\t\t\t<\/div>\n\t\t\t\t\t<\/div>\n\t\t<\/div>\n\t\t\t\t\t<\/div>\n\t\t<\/section>\n\t\t\t\t<section class=\"elementor-section elementor-top-section elementor-element elementor-element-402e1d7 elementor-section-boxed elementor-section-height-default elementor-section-height-default wpr-particle-no wpr-jarallax-no wpr-parallax-no wpr-sticky-section-no\" data-id=\"402e1d7\" data-element_type=\"section\">\n\t\t\t\t\t\t<div class=\"elementor-container elementor-column-gap-default\">\n\t\t\t\t\t<div class=\"elementor-column elementor-col-33 elementor-top-column elementor-element elementor-element-157a35e\" data-id=\"157a35e\" data-element_type=\"column\">\n\t\t\t<div class=\"elementor-widget-wrap elementor-element-populated\">\n\t\t\t\t\t\t<div class=\"elementor-element elementor-element-d4518f2 elementor-widget elementor-widget-heading\" data-id=\"d4518f2\" data-element_type=\"widget\" data-widget_type=\"heading.default\">\n\t\t\t\t<div class=\"elementor-widget-container\">\n\t\t\t\t\t<h2 class=\"elementor-heading-title elementor-size-default\">Spa Balance<\/h2>\t\t\t\t<\/div>\n\t\t\t\t<\/div>\n\t\t\t\t\t<\/div>\n\t\t<\/div>\n\t\t\t\t<div class=\"elementor-column elementor-col-33 elementor-top-column elementor-element elementor-element-521c2be\" data-id=\"521c2be\" data-element_type=\"column\">\n\t\t\t<div class=\"elementor-widget-wrap elementor-element-populated\">\n\t\t\t\t\t\t<div class=\"elementor-element elementor-element-ab38b31 elementor-widget elementor-widget-heading\" data-id=\"ab38b31\" data-element_type=\"widget\" data-widget_type=\"heading.default\">\n\t\t\t\t<div class=\"elementor-widget-container\">\n\t\t\t\t\t<h2 class=\"elementor-heading-title elementor-size-default\">Choco Spa<\/h2>\t\t\t\t<\/div>\n\t\t\t\t<\/div>\n\t\t\t\t\t<\/div>\n\t\t<\/div>\n\t\t\t\t<div class=\"elementor-column elementor-col-33 elementor-top-column elementor-element elementor-element-a2b4aa5\" data-id=\"a2b4aa5\" data-element_type=\"column\">\n\t\t\t<div class=\"elementor-widget-wrap elementor-element-populated\">\n\t\t\t\t\t\t<div class=\"elementor-element elementor-element-5b29c90 elementor-widget elementor-widget-heading\" data-id=\"5b29c90\" data-element_type=\"widget\" data-widget_type=\"heading.default\">\n\t\t\t\t<div class=\"elementor-widget-container\">\n\t\t\t\t\t<h2 class=\"elementor-heading-title elementor-size-default\">Spa Relax<\/h2>\t\t\t\t<\/div>\n\t\t\t\t<\/div>\n\t\t\t\t\t<\/div>\n\t\t<\/div>\n\t\t\t\t\t<\/div>\n\t\t<\/section>\n\t\t\t\t<section class=\"elementor-section elementor-top-section elementor-element elementor-element-d4fc037 elementor-section-boxed elementor-section-height-default elementor-section-height-default wpr-particle-no wpr-jarallax-no wpr-parallax-no wpr-sticky-section-no\" data-id=\"d4fc037\" data-element_type=\"section\">\n\t\t\t\t\t\t<div class=\"elementor-container elementor-column-gap-default\">\n\t\t\t\t\t<div class=\"elementor-column elementor-col-33 elementor-top-column elementor-element elementor-element-bdab24c\" data-id=\"bdab24c\" data-element_type=\"column\">\n\t\t\t<div class=\"elementor-widget-wrap elementor-element-populated\">\n\t\t\t\t\t\t<div class=\"elementor-element elementor-element-46e026f elementor-widget elementor-widget-image\" data-id=\"46e026f\" data-element_type=\"widget\" data-widget_type=\"image.default\">\n\t\t\t\t<div class=\"elementor-widget-container\">\n\t\t\t\t\t\t\t\t\t\t\t\t\t\t\t<img decoding=\"async\" src=\"https:\/\/spabalanceperfecto.com\/wp-content\/plugins\/elementor\/assets\/images\/placeholder.png\" title=\"\" alt=\"\" loading=\"lazy\" \/>\t\t\t\t\t\t\t\t\t\t\t\t\t\t\t<\/div>\n\t\t\t\t<\/div>\n\t\t\t\t\t<\/div>\n\t\t<\/div>\n\t\t\t\t<div class=\"elementor-column elementor-col-33 elementor-top-column elementor-element elementor-element-0f16895\" data-id=\"0f16895\" data-element_type=\"column\">\n\t\t\t<div class=\"elementor-widget-wrap elementor-element-populated\">\n\t\t\t\t\t\t<div class=\"elementor-element elementor-element-ae29486 elementor-widget elementor-widget-image\" data-id=\"ae29486\" data-element_type=\"widget\" data-widget_type=\"image.default\">\n\t\t\t\t<div class=\"elementor-widget-container\">\n\t\t\t\t\t\t\t\t\t\t\t\t\t\t\t<img decoding=\"async\" src=\"https:\/\/spabalanceperfecto.com\/wp-content\/plugins\/elementor\/assets\/images\/placeholder.png\" title=\"\" alt=\"\" loading=\"lazy\" \/>\t\t\t\t\t\t\t\t\t\t\t\t\t\t\t<\/div>\n\t\t\t\t<\/div>\n\t\t\t\t\t<\/div>\n\t\t<\/div>\n\t\t\t\t<div class=\"elementor-column elementor-col-33 elementor-top-column elementor-element elementor-element-f843929\" data-id=\"f843929\" data-element_type=\"column\">\n\t\t\t<div class=\"elementor-widget-wrap elementor-element-populated\">\n\t\t\t\t\t\t<div class=\"elementor-element elementor-element-361480f elementor-widget elementor-widget-image\" data-id=\"361480f\" data-element_type=\"widget\" data-widget_type=\"image.default\">\n\t\t\t\t<div class=\"elementor-widget-container\">\n\t\t\t\t\t\t\t\t\t\t\t\t\t\t\t<img decoding=\"async\" src=\"https:\/\/spabalanceperfecto.com\/wp-content\/plugins\/elementor\/assets\/images\/placeholder.png\" title=\"\" alt=\"\" loading=\"lazy\" \/>\t\t\t\t\t\t\t\t\t\t\t\t\t\t\t<\/div>\n\t\t\t\t<\/div>\n\t\t\t\t\t<\/div>\n\t\t<\/div>\n\t\t\t\t\t<\/div>\n\t\t<\/section>\n\t\t\t\t<section class=\"elementor-section elementor-top-section elementor-element elementor-element-b2cf376 elementor-section-boxed elementor-section-height-default elementor-section-height-default wpr-particle-no wpr-jarallax-no wpr-parallax-no wpr-sticky-section-no\" data-id=\"b2cf376\" data-element_type=\"section\">\n\t\t\t\t\t\t<div class=\"elementor-container elementor-column-gap-default\">\n\t\t\t\t\t<div class=\"elementor-column elementor-col-33 elementor-top-column elementor-element elementor-element-3655aa5\" data-id=\"3655aa5\" data-element_type=\"column\">\n\t\t\t<div class=\"elementor-widget-wrap elementor-element-populated\">\n\t\t\t\t\t\t<div class=\"elementor-element elementor-element-d8a7daf elementor-widget elementor-widget-text-editor\" data-id=\"d8a7daf\" data-element_type=\"widget\" data-widget_type=\"text-editor.default\">\n\t\t\t\t<div class=\"elementor-widget-container\">\n\t\t\t\t\t\t\t\t\t<p>Sauna<\/p><p>Jacuzzi<\/p><p>Exfoliaci\u00f3n facial<\/p><p>Mascarilla hidratante<\/p><p>Reflexolog\u00eda<\/p><p>Piedras Calientes<\/p><p>Masaje relajante<\/p><p>Masaje especializado en cuello<\/p><p>Masaje especializado en la cabeza<\/p><p>Chocolaterapia corporal<\/p><p>Masaje descontracturante espalda<\/p><p>Bambuterapia<\/p><p>Exfoliaci\u00f3n corporal<\/p><p>Veloterapia en manos y pies<\/p><p>Decoraci\u00f3n personalizada<\/p>\t\t\t\t\t\t\t\t<\/div>\n\t\t\t\t<\/div>\n\t\t\t\t\t<\/div>\n\t\t<\/div>\n\t\t\t\t<div class=\"elementor-column elementor-col-33 elementor-top-column elementor-element elementor-element-f170571\" data-id=\"f170571\" data-element_type=\"column\">\n\t\t\t<div class=\"elementor-widget-wrap elementor-element-populated\">\n\t\t\t\t\t\t<div class=\"elementor-element elementor-element-f3799c8 elementor-widget elementor-widget-text-editor\" data-id=\"f3799c8\" data-element_type=\"widget\" data-widget_type=\"text-editor.default\">\n\t\t\t\t<div class=\"elementor-widget-container\">\n\t\t\t\t\t\t\t\t\t<p>Sauna<\/p><p>Jacuzzi<\/p><p>Exfoliaci\u00f3n facial<\/p><p>Mascarilla hidratante<\/p><p>Reflexolog\u00eda<\/p><p>Piedras Calientes<\/p><p>Masaje relajante<\/p><p>Masaje especializado en cuello<\/p><p>Masaje especializado en la cabeza<\/p><p>Chocolaterapia corporal<\/p>\t\t\t\t\t\t\t\t<\/div>\n\t\t\t\t<\/div>\n\t\t\t\t\t<\/div>\n\t\t<\/div>\n\t\t\t\t<div class=\"elementor-column elementor-col-33 elementor-top-column elementor-element elementor-element-6248075\" data-id=\"6248075\" data-element_type=\"column\">\n\t\t\t<div class=\"elementor-widget-wrap elementor-element-populated\">\n\t\t\t\t\t\t<div class=\"elementor-element elementor-element-39d9795 elementor-widget elementor-widget-text-editor\" data-id=\"39d9795\" data-element_type=\"widget\" data-widget_type=\"text-editor.default\">\n\t\t\t\t<div class=\"elementor-widget-container\">\n\t\t\t\t\t\t\t\t\t<p>Sauna<\/p><p>Jacuzzi<\/p><p>Exfoliaci\u00f3n facial<\/p><p>Mascarilla hidratante<\/p><p>Reflexolog\u00eda<\/p><p>Piedras Calientes<\/p><p>Masaje relajante<\/p>\t\t\t\t\t\t\t\t<\/div>\n\t\t\t\t<\/div>\n\t\t\t\t\t<\/div>\n\t\t<\/div>\n\t\t\t\t\t<\/div>\n\t\t<\/section>\n\t\t\t\t<section class=\"elementor-section elementor-top-section elementor-element elementor-element-66d4a30 elementor-section-boxed elementor-section-height-default elementor-section-height-default wpr-particle-no wpr-jarallax-no wpr-parallax-no wpr-sticky-section-no\" data-id=\"66d4a30\" data-element_type=\"section\">\n\t\t\t\t\t\t<div class=\"elementor-container elementor-column-gap-default\">\n\t\t\t\t\t<div class=\"elementor-column elementor-col-33 elementor-top-column elementor-element elementor-element-660673a\" data-id=\"660673a\" data-element_type=\"column\">\n\t\t\t<div class=\"elementor-widget-wrap elementor-element-populated\">\n\t\t\t\t\t\t<div class=\"elementor-element elementor-element-2ebb79a elementor-widget elementor-widget-text-editor\" data-id=\"2ebb79a\" data-element_type=\"widget\" data-widget_type=\"text-editor.default\">\n\t\t\t\t<div class=\"elementor-widget-container\">\n\t\t\t\t\t\t\t\t\t<p>Valor para 2 personas: $370.000<\/p><p>Duraci\u00f3n: 3 horas y media<\/p><p>Decoraci\u00f3n: Personalizada en el sauna y jacuzzi<\/p>\t\t\t\t\t\t\t\t<\/div>\n\t\t\t\t<\/div>\n\t\t\t\t\t<\/div>\n\t\t<\/div>\n\t\t\t\t<div class=\"elementor-column elementor-col-33 elementor-top-column elementor-element elementor-element-79b3e74\" data-id=\"79b3e74\" data-element_type=\"column\">\n\t\t\t<div class=\"elementor-widget-wrap elementor-element-populated\">\n\t\t\t\t\t\t<div class=\"elementor-element elementor-element-e51ac11 elementor-widget elementor-widget-text-editor\" data-id=\"e51ac11\" data-element_type=\"widget\" data-widget_type=\"text-editor.default\">\n\t\t\t\t<div class=\"elementor-widget-container\">\n\t\t\t\t\t\t\t\t\t<p>Valor para 2 personas: $320.000<\/p><p>Duraci\u00f3n: 3 horas<\/p><p>Decoraci\u00f3n: En el jacuzzi<\/p>\t\t\t\t\t\t\t\t<\/div>\n\t\t\t\t<\/div>\n\t\t\t\t\t<\/div>\n\t\t<\/div>\n\t\t\t\t<div class=\"elementor-column elementor-col-33 elementor-top-column elementor-element elementor-element-7ccec0a\" data-id=\"7ccec0a\" data-element_type=\"column\">\n\t\t\t<div class=\"elementor-widget-wrap elementor-element-populated\">\n\t\t\t\t\t\t<div class=\"elementor-element elementor-element-147a0b3 elementor-widget elementor-widget-text-editor\" data-id=\"147a0b3\" data-element_type=\"widget\" data-widget_type=\"text-editor.default\">\n\t\t\t\t<div class=\"elementor-widget-container\">\n\t\t\t\t\t\t\t\t\t<p>Valor para 2 personas: $250.000<\/p><p>Duraci\u00f3n: 2 horas<\/p><p>Decoraci\u00f3n: En el jacuzzi\u00a0<\/p><p>SIN SAUNA $200.000<\/p>\t\t\t\t\t\t\t\t<\/div>\n\t\t\t\t<\/div>\n\t\t\t\t\t<\/div>\n\t\t<\/div>\n\t\t\t\t\t<\/div>\n\t\t<\/section>\n\t\t\t\t<section class=\"elementor-section elementor-top-section elementor-element elementor-element-1ebc443 elementor-section-boxed elementor-section-height-default elementor-section-height-default wpr-particle-no wpr-jarallax-no wpr-parallax-no wpr-sticky-section-no\" data-id=\"1ebc443\" data-element_type=\"section\">\n\t\t\t\t\t\t<div class=\"elementor-container elementor-column-gap-default\">\n\t\t\t\t\t<div class=\"elementor-column elementor-col-100 elementor-top-column elementor-element elementor-element-d166075\" data-id=\"d166075\" data-element_type=\"column\">\n\t\t\t<div class=\"elementor-widget-wrap elementor-element-populated\">\n\t\t\t\t\t\t<div class=\"elementor-element elementor-element-ef3ff59 elementor-widget elementor-widget-text-editor\" data-id=\"ef3ff59\" data-element_type=\"widget\" data-widget_type=\"text-editor.default\">\n\t\t\t\t<div class=\"elementor-widget-container\">\n\t\t\t\t\t\t\t\t\t<h5>Convierta cualquier momento en una experiencia inolvidable de bienestar. Nuestros D\u00edas de SPA han sido dise\u00f1ados para que disfrute de un verdadero escape de la rutina, donde la relajaci\u00f3n, el cuidado personal y la armon\u00eda se combinan en una experiencia exclusiva pensada para consentir el cuerpo y la mente.<\/h5>\t\t\t\t\t\t\t\t<\/div>\n\t\t\t\t<\/div>\n\t\t\t\t\t<\/div>\n\t\t<\/div>\n\t\t\t\t\t<\/div>\n\t\t<\/section>\n\t\t\t\t<\/div>\n\t\t","protected":false},"excerpt":{"rendered":"<p>Planes de spa Son el plan perfecto para compartir y celebrar: momentos especiales en pareja, planes con amigas, aniversarios, cumplea\u00f1os, celebraciones especiales o experiencias de bienestar para empresas y equipos de trabajo. Cada programa est\u00e1 cuidadosamente preparado para ofrecer descanso, renovaci\u00f3n y una atenci\u00f3n dedicada que transforma su visita en un recuerdo \u00fanico. Spa Balance Choco Spa Spa Relax Sauna Jacuzzi Exfoliaci\u00f3n facial Mascarilla hidratante Reflexolog\u00eda Piedras Calientes Masaje relajante Masaje especializado en cuello Masaje especializado en la cabeza Chocolaterapia corporal Masaje descontracturante espalda Bambuterapia Exfoliaci\u00f3n corporal Veloterapia en manos y pies Decoraci\u00f3n personalizada Sauna Jacuzzi Exfoliaci\u00f3n facial Mascarilla hidratante Reflexolog\u00eda Piedras Calientes Masaje relajante Masaje especializado en cuello Masaje especializado en la cabeza Chocolaterapia corporal Sauna Jacuzzi Exfoliaci\u00f3n facial Mascarilla hidratante Reflexolog\u00eda Piedras Calientes Masaje relajante Valor para 2 personas: $370.000 Duraci\u00f3n: 3 horas y media Decoraci\u00f3n: Personalizada en el sauna y jacuzzi Valor para 2 personas: $320.000 Duraci\u00f3n: 3 horas Decoraci\u00f3n: En el jacuzzi Valor para 2 personas: $250.000 Duraci\u00f3n: 2 horas Decoraci\u00f3n: En el jacuzzi\u00a0 SIN SAUNA $200.000 Convierta cualquier momento en una experiencia inolvidable de bienestar. Nuestros D\u00edas de SPA han sido dise\u00f1ados para que disfrute de un verdadero escape de la rutina, donde la relajaci\u00f3n, el cuidado personal y la armon\u00eda se combinan en una experiencia exclusiva pensada para consentir el cuerpo y la mente.<\/p>\n","protected":false},"author":1,"featured_media":0,"parent":0,"menu_order":0,"comment_status":"closed","ping_status":"closed","template":"elementor_header_footer","meta":{"_monsterinsights_skip_tracking":false,"_monsterinsights_sitenote_active":false,"_monsterinsights_sitenote_note":"","_monsterinsights_sitenote_category":0,"footnotes":""},"class_list":["post-4637","page","type-page","status-publish","hentry"],"_links":{"self":[{"href":"https:\/\/spabalanceperfecto.com\/index.php\/wp-json\/wp\/v2\/pages\/4637","targetHints":{"allow":["GET"]}}],"collection":[{"href":"https:\/\/spabalanceperfecto.com\/index.php\/wp-json\/wp\/v2\/pages"}],"about":[{"href":"https:\/\/spabalanceperfecto.com\/index.php\/wp-json\/wp\/v2\/types\/page"}],"author":[{"embeddable":true,"href":"https:\/\/spabalanceperfecto.com\/index.php\/wp-json\/wp\/v2\/users\/1"}],"replies":[{"embeddable":true,"href":"https:\/\/spabalanceperfecto.com\/index.php\/wp-json\/wp\/v2\/comments?post=4637"}],"version-history":[{"count":12,"href":"https:\/\/spabalanceperfecto.com\/index.php\/wp-json\/wp\/v2\/pages\/4637\/revisions"}],"predecessor-version":[{"id":4882,"href":"https:\/\/spabalanceperfecto.com\/index.php\/wp-json\/wp\/v2\/pages\/4637\/revisions\/4882"}],"wp:attachment":[{"href":"https:\/\/spabalanceperfecto.com\/index.php\/wp-json\/wp\/v2\/media?parent=4637"}],"curies":[{"name":"wp","href":"https:\/\/api.w.org\/{rel}","templated":true}]}}